{"id":209,"date":"2025-12-30T16:49:37","date_gmt":"2025-12-30T16:49:37","guid":{"rendered":"https:\/\/cms2522.commu.isfsc.be\/?page_id=209"},"modified":"2025-12-30T17:03:25","modified_gmt":"2025-12-30T17:03:25","slug":"209-2","status":"publish","type":"page","link":"https:\/\/cms2522.commu.isfsc.be\/index.php\/209-2\/","title":{"rendered":"Service"},"content":{"rendered":"<p>[et_pb_section fb_built=\u00a0\u00bb1&Prime; _builder_version=\u00a0\u00bb4.27.5&Prime; _module_preset=\u00a0\u00bbdefault\u00a0\u00bb global_colors_info=\u00a0\u00bb{}\u00a0\u00bb][et_pb_row _builder_version=\u00a0\u00bb4.27.5&Prime; _module_preset=\u00a0\u00bbdefault\u00a0\u00bb global_colors_info=\u00a0\u00bb{}\u00a0\u00bb][et_pb_column type=\u00a0\u00bb4_4&Prime; _builder_version=\u00a0\u00bb4.27.5&Prime; _module_preset=\u00a0\u00bbdefault\u00a0\u00bb global_colors_info=\u00a0\u00bb{}\u00a0\u00bb][et_pb_text _builder_version=\u00a0\u00bb4.27.5&Prime; _module_preset=\u00a0\u00bbdefault\u00a0\u00bb hover_enabled=\u00a0\u00bb0&Prime; global_colors_info=\u00a0\u00bb{}\u00a0\u00bb sticky_enabled=\u00a0\u00bb0&Prime; link_option_url_new_window=\u00a0\u00bbon\u00a0\u00bb text_font=\u00a0\u00bbPlayfair Display SC||||||||\u00a0\u00bb]<\/p>\n<h1><span style=\"color: #40070d;\">Nos services<\/span><\/h1>\n<p><span style=\"color: #40070d;\"><\/span><\/p>\n<h3><span style=\"color: #40070d;\">Nous avons travaill\u00e9 avec la marque \u00ab\u00a0<a href=\"https:\/\/www.choukeskincare.com\/\">Chouke<\/a>\u00a0\u00bb dans le but de produire une campagne 360\u00b0.<\/span><\/h3>\n<p>[\/et_pb_text][\/et_pb_column][\/et_pb_row][\/et_pb_section][et_pb_section fb_built=\u00a0\u00bb1&Prime; _builder_version=\u00a0\u00bb4.27.5&Prime; _module_preset=\u00a0\u00bbdefault\u00a0\u00bb global_colors_info=\u00a0\u00bb{}\u00a0\u00bb][et_pb_row column_structure=\u00a0\u00bb1_2,1_2&Prime; _builder_version=\u00a0\u00bb4.27.5&Prime; _module_preset=\u00a0\u00bbdefault\u00a0\u00bb hover_enabled=\u00a0\u00bb0&Prime; global_colors_info=\u00a0\u00bb{}\u00a0\u00bb make_equal=\u00a0\u00bbon\u00a0\u00bb sticky_enabled=\u00a0\u00bb0&Prime;][et_pb_column type=\u00a0\u00bb1_2&Prime; _builder_version=\u00a0\u00bb4.27.5&Prime; _module_preset=\u00a0\u00bbdefault\u00a0\u00bb global_colors_info=\u00a0\u00bb{}\u00a0\u00bb][et_pb_code module_class=\u00a0\u00bbflip-card\u00a0\u00bb _builder_version=\u00a0\u00bb4.27.5&Prime; _module_preset=\u00a0\u00bbdefault\u00a0\u00bb custom_css_free_form=\u00a0\u00bb.flip-card {||  width: 300px;||  height: 420px;||  perspective: 1500px;||}||||.flip-inner {||  width: 100%;||  height: 100%;||  position: relative;||  transition: transform 0.8s ease;||  transform-style: preserve-3d;||  -webkit-transform-style: preserve-3d;||}||||\/* FLIP AU HOVER *\/||.flip-card:hover .flip-inner {||  transform: rotateY(180deg);||}||||.face {||  position: absolute;||  inset: 0;||  backface-visibility: hidden;||  -webkit-backface-visibility: hidden;||  background: transparent;||}||||.face img {||  width: 100%;||  height: 100%;||  object-fit: contain;||}||||\/* VERSO *\/||.back {||  transform: rotateY(180deg);||}||\u00a0\u00bb global_colors_info=\u00a0\u00bb{}\u00a0\u00bb]<\/p>\n<div class=\"flip-card js-flip\"><!-- [et_pb_line_break_holder] -->  <\/p>\n<div class=\"flip-inner\"><!-- [et_pb_line_break_holder] --><!-- [et_pb_line_break_holder] -->    <\/p>\n<div class=\"face front\"><!-- [et_pb_line_break_holder] -->      <a href=\"LIEN_RECTO\" class=\"card-link\"><!-- [et_pb_line_break_holder] -->        <img decoding=\"async\" src=\"https:\/\/cms2522.commu.isfsc.be\/wp-content\/uploads\/2025\/12\/IMG_3516.jpg\" alt=\"Recto\"><!-- [et_pb_line_break_holder] -->      <\/a><!-- [et_pb_line_break_holder] -->    <\/div>\n<p><!-- [et_pb_line_break_holder] --><!-- [et_pb_line_break_holder] -->    <\/p>\n<div class=\"face back\"><!-- [et_pb_line_break_holder] -->      <a href=\"LIEN_VERSO\" class=\"card-link\"><!-- [et_pb_line_break_holder] -->        <img decoding=\"async\" src=\"https:\/\/cms2522.commu.isfsc.be\/wp-content\/uploads\/2025\/12\/Capture-decran-2025-12-27-a-19.08.32.png\" alt=\"Verso\"><!-- [et_pb_line_break_holder] -->      <\/a><!-- [et_pb_line_break_holder] -->    <\/div>\n<p><!-- [et_pb_line_break_holder] --><!-- [et_pb_line_break_holder] -->  <\/div>\n<p><!-- [et_pb_line_break_holder] --><\/div>\n<p><!-- [et_pb_line_break_holder] -->[\/et_pb_code][\/et_pb_column][et_pb_column type=\u00a0\u00bb1_2&Prime; _builder_version=\u00a0\u00bb4.27.5&Prime; _module_preset=\u00a0\u00bbdefault\u00a0\u00bb global_colors_info=\u00a0\u00bb{}\u00a0\u00bb][et_pb_code module_class=\u00a0\u00bbflip-card\u00a0\u00bb _builder_version=\u00a0\u00bb4.27.5&Prime; _module_preset=\u00a0\u00bbdefault\u00a0\u00bb custom_css_free_form=\u00a0\u00bb.flip-card {||  width: 300px;||  height: 420px;||  perspective: 1500px;||}||||.flip-inner {||  width: 100%;||  height: 100%;||  position: relative;||  transition: transform 0.8s ease;||  transform-style: preserve-3d;||  -webkit-transform-style: preserve-3d;||}||||\/* FLIP AU HOVER *\/||.flip-card:hover .flip-inner {||  transform: rotateY(180deg);||}||||.face {||  position: absolute;||  inset: 0;||  backface-visibility: hidden;||  -webkit-backface-visibility: hidden;||  background: transparent;||}||||.face img {||  width: 100%;||  height: 100%;||  object-fit: contain;||}||||\/* VERSO *\/||.back {||  transform: rotateY(180deg);||}\u00a0\u00bb global_colors_info=\u00a0\u00bb{}\u00a0\u00bb]<\/p>\n<div class=\"flip-card js-flip\"><!-- [et_pb_line_break_holder] -->  <\/p>\n<div class=\"flip-inner\"><!-- [et_pb_line_break_holder] --><!-- [et_pb_line_break_holder] -->    <\/p>\n<div class=\"face front\"><!-- [et_pb_line_break_holder] -->      <a href=\"LIEN_RECTO\" class=\"card-link\"><!-- [et_pb_line_break_holder] -->        <img decoding=\"async\" src=\"https:\/\/cms2522.commu.isfsc.be\/wp-content\/uploads\/2025\/12\/IMG_3502.jpg\" alt=\"Recto\"><!-- [et_pb_line_break_holder] -->      <\/a><!-- [et_pb_line_break_holder] -->    <\/div>\n<p><!-- [et_pb_line_break_holder] --><!-- [et_pb_line_break_holder] -->    <\/p>\n<div class=\"face back\"><!-- [et_pb_line_break_holder] -->      <a href=\"LIEN_VERSO\" class=\"card-link\"><!-- [et_pb_line_break_holder] -->        <img decoding=\"async\" src=\"https:\/\/cms2522.commu.isfsc.be\/wp-content\/uploads\/2025\/12\/Capture-decran-2025-12-27-a-19.08.07.png\" alt=\"Verso\"><!-- [et_pb_line_break_holder] -->      <\/a><!-- [et_pb_line_break_holder] -->    <\/div>\n<p><!-- [et_pb_line_break_holder] --><!-- [et_pb_line_break_holder] -->  <\/div>\n<p><!-- [et_pb_line_break_holder] --><\/div>\n<p>[\/et_pb_code][\/et_pb_column][\/et_pb_row][\/et_pb_section][et_pb_section fb_built=\u00a0\u00bb1&Prime; _builder_version=\u00a0\u00bb4.27.5&Prime; _module_preset=\u00a0\u00bbdefault\u00a0\u00bb global_colors_info=\u00a0\u00bb{}\u00a0\u00bb][et_pb_row column_structure=\u00a0\u00bb1_2,1_2&Prime; _builder_version=\u00a0\u00bb4.27.5&Prime; _module_preset=\u00a0\u00bbdefault\u00a0\u00bb global_colors_info=\u00a0\u00bb{}\u00a0\u00bb][et_pb_column type=\u00a0\u00bb1_2&Prime; _builder_version=\u00a0\u00bb4.27.5&Prime; _module_preset=\u00a0\u00bbdefault\u00a0\u00bb global_colors_info=\u00a0\u00bb{}\u00a0\u00bb][et_pb_text _builder_version=\u00a0\u00bb4.27.5&Prime; _module_preset=\u00a0\u00bbdefault\u00a0\u00bb background_color=\u00a0\u00bb#40070d\u00a0\u00bb global_colors_info=\u00a0\u00bb{}\u00a0\u00bb]<\/p>\n<h3><span style=\"font-family: 'Contrail One'; color: #c08081;\"><strong><em>Sang souci &#8211; <\/em>menstruation.<\/strong>\u00a0<\/span><\/h3>\n<p><span style=\"font-family: Podkova; font-size: large; color: #c08081;\">Un s\u00e9rum qui hydrate et qui r\u00e9pare la barri\u00e8re cutan\u00e9e.\u00a0<\/span><\/p>\n<p><span style=\"font-family: Podkova; color: #c08081;\"><span style=\"font-size: large;\">Repr\u00e9sent\u00e9 par le baroque avec une grande inspiration du peintre Caravage<\/span>.<\/span><\/p>\n<p>[\/et_pb_text][\/et_pb_column][et_pb_column type=\u00a0\u00bb1_2&Prime; _builder_version=\u00a0\u00bb4.27.5&Prime; _module_preset=\u00a0\u00bbdefault\u00a0\u00bb global_colors_info=\u00a0\u00bb{}\u00a0\u00bb][et_pb_text _builder_version=\u00a0\u00bb4.27.5&Prime; _module_preset=\u00a0\u00bbdefault\u00a0\u00bb background_color=\u00a0\u00bb#40070d\u00a0\u00bb global_colors_info=\u00a0\u00bb{}\u00a0\u00bb]<\/p>\n<h3><span style=\"font-family: 'Contrail One'; color: #c08081;\"><em><strong>Trop fra\u00eeche &#8211; <\/strong><\/em><strong>phase folliculaire.<\/strong><\/span><\/h3>\n<p><span style=\"font-family: Podkova; font-weight: normal; font-size: large; color: #c08081;\">Un s\u00e9rum qui apporte \u00e9clat et long\u00e9vit\u00e9.<\/span><\/p>\n<p><span style=\"font-family: Podkova; font-weight: normal; font-size: large; color: #ffffff;\"><span style=\"color: #c08081;\">Repr\u00e9sent\u00e9 par l&rsquo;impressionnisme pour la r\u00e9g\u00e9n\u00e9ration de la peau et sa douceur. <\/span><\/span><\/p>\n<p>[\/et_pb_text][\/et_pb_column][\/et_pb_row][\/et_pb_section][et_pb_section fb_built=\u00a0\u00bb1&Prime; _builder_version=\u00a0\u00bb4.27.5&Prime; _module_preset=\u00a0\u00bbdefault\u00a0\u00bb global_colors_info=\u00a0\u00bb{}\u00a0\u00bb][et_pb_row column_structure=\u00a0\u00bb1_2,1_2&Prime; _builder_version=\u00a0\u00bb4.27.5&Prime; _module_preset=\u00a0\u00bbdefault\u00a0\u00bb hover_enabled=\u00a0\u00bb0&Prime; global_colors_info=\u00a0\u00bb{}\u00a0\u00bb module_alignment=\u00a0\u00bbcenter\u00a0\u00bb sticky_enabled=\u00a0\u00bb0&Prime;][et_pb_column type=\u00a0\u00bb1_2&Prime; _builder_version=\u00a0\u00bb4.27.5&Prime; _module_preset=\u00a0\u00bbdefault\u00a0\u00bb global_colors_info=\u00a0\u00bb{}\u00a0\u00bb][et_pb_code module_class=\u00a0\u00bbflip-card\u00a0\u00bb _builder_version=\u00a0\u00bb4.27.5&Prime; _module_preset=\u00a0\u00bbdefault\u00a0\u00bb custom_css_free_form=\u00a0\u00bb.flip-card {||  width: 300px;||  height: 420px;||  perspective: 1500px;||}||||.flip-inner {||  width: 100%;||  height: 100%;||  position: relative;||  transition: transform 0.8s ease;||  transform-style: preserve-3d;||  -webkit-transform-style: preserve-3d;||}||||\/* FLIP AU HOVER *\/||.flip-card:hover .flip-inner {||  transform: rotateY(180deg);||}||||.face {||  position: absolute;||  inset: 0;||  backface-visibility: hidden;||  -webkit-backface-visibility: hidden;||  background: transparent;||}||||.face img {||  width: 100%;||  height: 100%;||  object-fit: contain;||}||||\/* VERSO *\/||.back {||  transform: rotateY(180deg);||}\u00a0\u00bb global_colors_info=\u00a0\u00bb{}\u00a0\u00bb]<\/p>\n<div class=\"flip-card js-flip\"><!-- [et_pb_line_break_holder] -->  <\/p>\n<div class=\"flip-inner\"><!-- [et_pb_line_break_holder] --><!-- [et_pb_line_break_holder] -->    <\/p>\n<div class=\"face front\"><!-- [et_pb_line_break_holder] -->      <a href=\"LIEN_RECTO\" class=\"card-link\"><!-- [et_pb_line_break_holder] -->        <img decoding=\"async\" src=\"https:\/\/cms2522.commu.isfsc.be\/wp-content\/uploads\/2025\/12\/IMG_3572.jpg\" alt=\"Recto\"><!-- [et_pb_line_break_holder] -->      <\/a><!-- [et_pb_line_break_holder] -->    <\/div>\n<p><!-- [et_pb_line_break_holder] --><!-- [et_pb_line_break_holder] -->    <\/p>\n<div class=\"face back\"><!-- [et_pb_line_break_holder] -->      <a href=\"LIEN_VERSO\" class=\"card-link\"><!-- [et_pb_line_break_holder] -->        <img decoding=\"async\" src=\"https:\/\/cms2522.commu.isfsc.be\/wp-content\/uploads\/2025\/12\/Capture-decran-2025-12-27-a-19.08.21.png\" alt=\"Verso\"><!-- [et_pb_line_break_holder] -->      <\/a><!-- [et_pb_line_break_holder] -->    <\/div>\n<p><!-- [et_pb_line_break_holder] --><!-- [et_pb_line_break_holder] -->  <\/div>\n<p><!-- [et_pb_line_break_holder] --><\/div>\n<p>[\/et_pb_code][\/et_pb_column][et_pb_column type=\u00a0\u00bb1_2&Prime; _builder_version=\u00a0\u00bb4.27.5&Prime; _module_preset=\u00a0\u00bbdefault\u00a0\u00bb global_colors_info=\u00a0\u00bb{}\u00a0\u00bb][et_pb_code module_class=\u00a0\u00bbFlip-card\u00a0\u00bb _builder_version=\u00a0\u00bb4.27.5&Prime; _module_preset=\u00a0\u00bbdefault\u00a0\u00bb custom_css_free_form=\u00a0\u00bb.flip-card {||  width: 300px;||  height: 420px;||  perspective: 1500px;||}||||.flip-inner {||  width: 100%;||  height: 100%;||  position: relative;||  transition: transform 0.8s ease;||  transform-style: preserve-3d;||  -webkit-transform-style: preserve-3d;||}||||\/* FLIP AU HOVER *\/||.flip-card:hover .flip-inner {||  transform: rotateY(180deg);||}||||.face {||  position: absolute;||  inset: 0;||  backface-visibility: hidden;||  -webkit-backface-visibility: hidden;||  background: transparent;||}||||.face img {||  width: 100%;||  height: 100%;||  object-fit: contain;||}||||\/* VERSO *\/||.back {||  transform: rotateY(180deg);||}\u00a0\u00bb global_colors_info=\u00a0\u00bb{}\u00a0\u00bb]<\/p>\n<div class=\"flip-card js-flip\"><!-- [et_pb_line_break_holder] -->  <\/p>\n<div class=\"flip-inner\"><!-- [et_pb_line_break_holder] --><!-- [et_pb_line_break_holder] -->    <\/p>\n<div class=\"face front\"><!-- [et_pb_line_break_holder] -->      <a href=\"LIEN_RECTO\" class=\"card-link\"><!-- [et_pb_line_break_holder] -->        <img decoding=\"async\" src=\"https:\/\/cms2522.commu.isfsc.be\/wp-content\/uploads\/2025\/12\/IMG_3552.jpg\" alt=\"Recto\"><!-- [et_pb_line_break_holder] -->      <\/a><!-- [et_pb_line_break_holder] -->    <\/div>\n<p><!-- [et_pb_line_break_holder] --><!-- [et_pb_line_break_holder] -->    <\/p>\n<div class=\"face back\"><!-- [et_pb_line_break_holder] -->      <a href=\"LIEN_VERSO\" class=\"card-link\"><!-- [et_pb_line_break_holder] -->        <img decoding=\"async\" src=\"https:\/\/cms2522.commu.isfsc.be\/wp-content\/uploads\/2025\/12\/Capture-decran-2025-12-27-a-19.08.41.png\" alt=\"Verso\"><!-- [et_pb_line_break_holder] -->      <\/a><!-- [et_pb_line_break_holder] -->    <\/div>\n<p><!-- [et_pb_line_break_holder] --><!-- [et_pb_line_break_holder] -->  <\/div>\n<p><!-- [et_pb_line_break_holder] --><\/div>\n<p>[\/et_pb_code][\/et_pb_column][\/et_pb_row][\/et_pb_section][et_pb_section fb_built=\u00a0\u00bb1&Prime; _builder_version=\u00a0\u00bb4.27.5&Prime; _module_preset=\u00a0\u00bbdefault\u00a0\u00bb global_colors_info=\u00a0\u00bb{}\u00a0\u00bb][et_pb_row column_structure=\u00a0\u00bb1_2,1_2&Prime; _builder_version=\u00a0\u00bb4.27.5&Prime; _module_preset=\u00a0\u00bbdefault\u00a0\u00bb global_colors_info=\u00a0\u00bb{}\u00a0\u00bb][et_pb_column type=\u00a0\u00bb1_2&Prime; _builder_version=\u00a0\u00bb4.27.5&Prime; _module_preset=\u00a0\u00bbdefault\u00a0\u00bb global_colors_info=\u00a0\u00bb{}\u00a0\u00bb][et_pb_text _builder_version=\u00a0\u00bb4.27.5&Prime; _module_preset=\u00a0\u00bbdefault\u00a0\u00bb background_color=\u00a0\u00bb#40070d\u00a0\u00bb global_colors_info=\u00a0\u00bb{}\u00a0\u00bb]<\/p>\n<h3><span style=\"font-family: 'Contrail One'; color: #c08081;\"><strong><em>Sang souci &#8211; <\/em>menstruation.<\/strong>\u00a0<\/span><\/h3>\n<p><span style=\"font-family: Podkova; font-size: large; color: #c08081;\">Un s\u00e9rum qui hydrate et qui r\u00e9pare la barri\u00e8re cutan\u00e9e.\u00a0<\/span><\/p>\n<p><span style=\"font-family: Podkova; color: #c08081;\"><span style=\"font-size: large;\">Repr\u00e9sent\u00e9 par le baroque avec une grande inspiration du peintre Caravage<\/span>.<\/span><\/p>\n<h3><\/h3>\n<p>[\/et_pb_text][\/et_pb_column][et_pb_column type=\u00a0\u00bb1_2&Prime; _builder_version=\u00a0\u00bb4.27.5&Prime; _module_preset=\u00a0\u00bbdefault\u00a0\u00bb global_colors_info=\u00a0\u00bb{}\u00a0\u00bb][et_pb_text _builder_version=\u00a0\u00bb4.27.5&Prime; _module_preset=\u00a0\u00bbdefault\u00a0\u00bb background_color=\u00a0\u00bb#40070d\u00a0\u00bb global_colors_info=\u00a0\u00bb{}\u00a0\u00bb]<\/p>\n<h3><span style=\"font-family: 'Contrail One'; color: #c08081;\"><strong><em>J&rsquo;ovule &#8211;<\/em> phase d&rsquo;ovulation.\u00a0<\/strong><\/span><\/h3>\n<p><span style=\"font-family: Podkova; font-weight: normal; font-size: large; color: #c08081;\">Un s\u00e9rum permettant une hydratation intense et un effet bonne mine.\u00a0<\/span><\/p>\n<p><span style=\"font-family: Podkova; font-weight: normal; font-size: large;\"><span style=\"color: #c08081;\">Repr\u00e9sent\u00e9 par le fauvisme et le cubisme, car si vos \u00e9motions s&rsquo;entrechoquent, c&rsquo;est normal.<\/span>\u00a0<\/span><\/p>\n<p>[\/et_pb_text][\/et_pb_column][\/et_pb_row][\/et_pb_section][et_pb_section fb_built=\u00a0\u00bb1&Prime; _builder_version=\u00a0\u00bb4.27.5&Prime; _module_preset=\u00a0\u00bbdefault\u00a0\u00bb global_colors_info=\u00a0\u00bb{}\u00a0\u00bb][et_pb_row _builder_version=\u00a0\u00bb4.27.5&Prime; _module_preset=\u00a0\u00bbdefault\u00a0\u00bb global_colors_info=\u00a0\u00bb{}\u00a0\u00bb][et_pb_column type=\u00a0\u00bb4_4&Prime; _builder_version=\u00a0\u00bb4.27.5&Prime; _module_preset=\u00a0\u00bbdefault\u00a0\u00bb global_colors_info=\u00a0\u00bb{}\u00a0\u00bb][et_pb_gallery gallery_ids=\u00a0\u00bb123,122,100,99,98,97,96,91,90&Prime; gallery_orderby=\u00a0\u00bbrand\u00a0\u00bb posts_number=\u00a0\u00bb9&Prime; show_title_and_caption=\u00a0\u00bboff\u00a0\u00bb show_pagination=\u00a0\u00bboff\u00a0\u00bb _builder_version=\u00a0\u00bb4.27.5&Prime; _module_preset=\u00a0\u00bbdefault\u00a0\u00bb border_width_all=\u00a0\u00bb4px\u00a0\u00bb global_colors_info=\u00a0\u00bb{}\u00a0\u00bb][\/et_pb_gallery][\/et_pb_column][\/et_pb_row][\/et_pb_section]<\/p>\n","protected":false},"excerpt":{"rendered":"<p>Nos services Nous avons travaill\u00e9 avec la marque \u00ab\u00a0Chouke\u00a0\u00bb dans le but de produire une campagne 360\u00b0.Sang souci &#8211; menstruation.\u00a0 Un s\u00e9rum qui hydrate et qui r\u00e9pare la barri\u00e8re cutan\u00e9e.\u00a0 Repr\u00e9sent\u00e9 par le baroque avec une grande inspiration du peintre Caravage.Trop fra\u00eeche &#8211; phase folliculaire. Un s\u00e9rum qui apporte \u00e9clat et long\u00e9vit\u00e9. Repr\u00e9sent\u00e9 par l&rsquo;impressionnisme [&hellip;]<\/p>\n","protected":false},"author":3,"featured_media":0,"parent":0,"menu_order":0,"comment_status":"closed","ping_status":"closed","template":"","meta":{"_et_pb_use_builder":"on","_et_pb_old_content":"","_et_gb_content_width":"","footnotes":""},"class_list":["post-209","page","type-page","status-publish","hentry"],"_links":{"self":[{"href":"https:\/\/cms2522.commu.isfsc.be\/index.php\/wp-json\/wp\/v2\/pages\/209","targetHints":{"allow":["GET"]}}],"collection":[{"href":"https:\/\/cms2522.commu.isfsc.be\/index.php\/wp-json\/wp\/v2\/pages"}],"about":[{"href":"https:\/\/cms2522.commu.isfsc.be\/index.php\/wp-json\/wp\/v2\/types\/page"}],"author":[{"embeddable":true,"href":"https:\/\/cms2522.commu.isfsc.be\/index.php\/wp-json\/wp\/v2\/users\/3"}],"replies":[{"embeddable":true,"href":"https:\/\/cms2522.commu.isfsc.be\/index.php\/wp-json\/wp\/v2\/comments?post=209"}],"version-history":[{"count":5,"href":"https:\/\/cms2522.commu.isfsc.be\/index.php\/wp-json\/wp\/v2\/pages\/209\/revisions"}],"predecessor-version":[{"id":228,"href":"https:\/\/cms2522.commu.isfsc.be\/index.php\/wp-json\/wp\/v2\/pages\/209\/revisions\/228"}],"wp:attachment":[{"href":"https:\/\/cms2522.commu.isfsc.be\/index.php\/wp-json\/wp\/v2\/media?parent=209"}],"curies":[{"name":"wp","href":"https:\/\/api.w.org\/{rel}","templated":true}]}}